{"id":13,"date":"2018-09-10T12:48:22","date_gmt":"2018-09-10T12:48:22","guid":{"rendered":"http:\/\/law-firm.bold-themes.com\/master-import\/?page_id=13"},"modified":"2024-01-15T20:21:21","modified_gmt":"2024-01-15T17:21:21","slug":"contact","status":"publish","type":"page","link":"https:\/\/www.roklawconsultancy.com\/en\/contact\/","title":{"rendered":"Contact"},"content":{"rendered":"<section id=\"bt_bb_section6a04bb15b33e8\" class=\"bt_bb_section bt_bb_layout_boxed_1200 bt_bb_vertical_align_top bt_bb_background_overlay_dark_solid bt_bb_top_spacing_large bt_bb_bottom_spacing_large\"  data-bt-override-class=\"{&quot;bt_bb_top_spacing_&quot;:{&quot;current_class&quot;:&quot;bt_bb_top_spacing_large&quot;,&quot;xl&quot;:&quot;large&quot;},&quot;bt_bb_bottom_spacing_&quot;:{&quot;current_class&quot;:&quot;bt_bb_bottom_spacing_large&quot;,&quot;xl&quot;:&quot;large&quot;}}\"><div class=\"bt_bb_background_image_holder_wrapper\"><div class=\"bt_bb_background_image_holder btLazyLoadBackground bt_bb_parallax\"  data-background_image_src=\"https:\/\/www.roklawconsultancy.com\/en\/wp-content\/uploads\/2023\/02\/iletisim-header.webp\" data-parallax=\"1.2\" data-parallax-offset=\"0\" data-parallax-zoom-start=\"1\" data-parallax-zoom-end=\"1\" data-parallax-blur-start=\"0\" data-parallax-blur-end=\"0\" data-parallax-opacity-start=\"1\" data-parallax-opacity-end=\"1\" style=\" background-image: url(&#039;https:\/\/www.roklawconsultancy.com\/en\/wp-content\/plugins\/bold-page-builder\/img\/blank.gif&#039;);\"><\/div><\/div><div class=\"bt_bb_port\"><div class=\"bt_bb_cell\"><div class=\"bt_bb_cell_inner\"><div class=\"bt_bb_row_wrapper\"><div  class=\"bt_bb_row\"  data-bt-override-class=\"{}\"><div  class=\"bt_bb_column col-xl-12 bt_bb_align_center bt_bb_padding_normal bt_bb_animation_fade_in animate\"  data-width=\"12\" data-bt-override-class=\"{}\"><div class=\"bt_bb_column_content bt_bb_vertical_align_top bt_bb_color_scheme_\"><div class=\"bt_bb_column_content_inner\"><div class=\"bt_bb_separator_v2 bt_bb_border_style_none bt_bb_bottom_spacing_large bt_bb_icon_size_normal bt_bb_text_size_normal bt_bb_separator_v2_without_content bt_bb_hidden_xs bt_bb_hidden_ms bt_bb_hidden_sm\" data-bt-override-class=\"null\"><div class=\"bt_bb_separator_v2_inner\"><span class=\"bt_bb_separator_v2_inner_before\"><\/span><span class=\"bt_bb_separator_v2_inner_content\"><span  data-ico-=\"\" class=\"bt_bb_icon_holder\"><\/span><\/span><span class=\"bt_bb_separator_v2_inner_after\"><\/span><\/div><\/div><header class=\"bt_bb_headline bt_bb_subheadline_text_transform_default bt_bb_color_scheme_13 bt_bb_dash_none bt_bb_size_extralarge bt_bb_align_inherit\" style=\"; --primary-color:#dec168; --secondary-color:#091b59;\" data-bt-override-class=\"{&quot;bt_bb_size_&quot;:{&quot;current_class&quot;:&quot;bt_bb_size_extralarge&quot;,&quot;xl&quot;:&quot;extralarge&quot;},&quot;bt_bb_align_&quot;:{&quot;current_class&quot;:&quot;bt_bb_align_inherit&quot;,&quot;xl&quot;:&quot;inherit&quot;}}\"><h1 class=\"bt_bb_headline_tag\"><span class=\"bt_bb_headline_content\"><span>Contact<\/span><\/span><\/h1><\/header><div class=\"bt_bb_separator_v2 bt_bb_border_style_none bt_bb_top_spacing_normal bt_bb_bottom_spacing_large bt_bb_icon_size_normal bt_bb_text_size_normal bt_bb_separator_v2_without_content bt_bb_hidden_xs bt_bb_hidden_ms bt_bb_hidden_sm\" data-bt-override-class=\"null\"><div class=\"bt_bb_separator_v2_inner\"><span class=\"bt_bb_separator_v2_inner_before\"><\/span><span class=\"bt_bb_separator_v2_inner_content\"><span  data-ico-=\"\" class=\"bt_bb_icon_holder\"><\/span><\/span><span class=\"bt_bb_separator_v2_inner_after\"><\/span><\/div><\/div><\/div><\/div><\/div><\/div><\/div><\/div><!-- cell_inner --><\/div><!-- cell --><\/div><!-- port --><\/section><section id=\"bt_bb_section6a04bb15b3b16\" class=\"bt_bb_section bt_bb_layout_wide bt_bb_vertical_align_top bt_bb_negative_margin_large\"  data-bt-override-class=\"null\"><div class=\"bt_bb_port\"><div class=\"bt_bb_cell\"><div class=\"bt_bb_cell_inner\"><div class=\"bt_bb_row_wrapper\"><div  class=\"bt_bb_row bt_bb_column_gap_0 bt_bb_layout_special btOverlapLeft\"  data-bt-override-class=\"{}\"><div  class=\"bt_bb_column col-xl-6 btWithIcon bt_bb_align_right bt_bb_padding_normal bt_bb_animation_fade_in animate\"  data-width=\"6\" data-bt-override-class=\"{}\"><div class=\"bt_bb_column_content bt_bb_vertical_align_top bt_bb_color_scheme_\"><div class=\"bt_bb_column_icon\"><span  data-ico-icon7stroke=\"&#xe62c;\" class=\"bt_bb_icon_holder\"><\/span><\/div><div class=\"bt_bb_column_content_inner\"><header class=\"bt_bb_headline bt_bb_color_scheme_14 bt_bb_dash_none bt_bb_superheadline bt_bb_size_medium bt_bb_align_inherit\" style=\"; --primary-color:#091b59; --secondary-color:#dec168;\" data-bt-override-class=\"{}\"><h3 class=\"bt_bb_headline_tag\"><span class=\"bt_bb_headline_superheadline\">Rok Law & Consultancy<\/span><span class=\"bt_bb_headline_content\"><span>Contact Us<\/span><\/span><\/h3><\/header><div class=\"bt_bb_separator_v2 bt_bb_border_style_none bt_bb_top_spacing_small bt_bb_bottom_spacing_normal bt_bb_icon_size_normal bt_bb_text_size_normal bt_bb_separator_v2_without_content\" data-bt-override-class=\"null\"><div class=\"bt_bb_separator_v2_inner\"><span class=\"bt_bb_separator_v2_inner_before\"><\/span><span class=\"bt_bb_separator_v2_inner_content\"><span  data-ico-=\"\" class=\"bt_bb_icon_holder\"><\/span><\/span><span class=\"bt_bb_separator_v2_inner_after\"><\/span><\/div><\/div><div class=\"bt_bb_row_wrapper\"><div  class=\"bt_bb_row_inner\"  data-bt-override-class=\"{}\"><div  class=\"bt_bb_column_inner col-xl-6 bt_bb_align_left bt_bb_vertical_align_top bt_bb_padding_normal\"  data-width=\"6\" data-bt-override-class=\"{}\"><div class=\"bt_bb_column_inner_content\"><div class=\"bt_bb_service bt_bb_color_scheme_6 bt_bb_style_filled bt_bb_size_small bt_bb_shape_square bt_bb_align_inherit bt_bb_title_color_scheme_13\" style=\"; --service-primary-color:#ffffff; --service-secondary-color:#dec168;; --service-title-primary-color:#dec168; --service-title-secondary-color:#091b59;\"><a href=\"tel:+90 501 003 55 55\"  target=\"_self\"  title=\"Phone:\"  data-ico-icon7stroke=\"&#xe670;\" class=\"bt_bb_icon_holder\"><\/a><div class=\"bt_bb_service_content\"><a href=\"tel:+90%20501%20003%2055%2055\" target=\"_self\"><div class=\"bt_bb_service_content_title\">Phone:<\/div><div class=\"bt_bb_service_content_text\">+90 501 003 55 55<\/div><\/a><\/div><\/div><div class=\"bt_bb_separator_v2 bt_bb_border_style_none bt_bb_bottom_spacing_normal bt_bb_icon_size_normal bt_bb_text_size_normal bt_bb_separator_v2_without_content\" data-bt-override-class=\"null\"><div class=\"bt_bb_separator_v2_inner\"><span class=\"bt_bb_separator_v2_inner_before\"><\/span><span class=\"bt_bb_separator_v2_inner_content\"><span  data-ico-=\"\" class=\"bt_bb_icon_holder\"><\/span><\/span><span class=\"bt_bb_separator_v2_inner_after\"><\/span><\/div><\/div><div class=\"bt_bb_service bt_bb_color_scheme_6 bt_bb_style_filled bt_bb_size_small bt_bb_shape_square bt_bb_align_inherit bt_bb_title_color_scheme_13\" style=\"; --service-primary-color:#ffffff; --service-secondary-color:#dec168;; --service-title-primary-color:#dec168; --service-title-secondary-color:#091b59;\"><span  data-ico-icon7stroke=\"&#xe67e;\" class=\"bt_bb_icon_holder\"><\/span><div class=\"bt_bb_service_content\"><div class=\"bt_bb_service_content_title\">Working Hours:<\/div><div class=\"bt_bb_service_content_text\">Mon-Sat: 08:00 \u2013 18:00<\/div><\/div><\/div><div class=\"bt_bb_separator_v2 bt_bb_border_style_none bt_bb_bottom_spacing_normal bt_bb_icon_size_normal bt_bb_text_size_normal bt_bb_separator_v2_without_content bt_bb_hidden_md bt_bb_hidden_lg\" data-bt-override-class=\"null\"><div class=\"bt_bb_separator_v2_inner\"><span class=\"bt_bb_separator_v2_inner_before\"><\/span><span class=\"bt_bb_separator_v2_inner_content\"><span  data-ico-=\"\" class=\"bt_bb_icon_holder\"><\/span><\/span><span class=\"bt_bb_separator_v2_inner_after\"><\/span><\/div><\/div><\/div><\/div><div  class=\"bt_bb_column_inner col-xl-6 bt_bb_align_left bt_bb_vertical_align_top bt_bb_padding_normal\"  data-width=\"6\" data-bt-override-class=\"{}\"><div class=\"bt_bb_column_inner_content\"><div class=\"bt_bb_service bt_bb_color_scheme_6 bt_bb_style_filled bt_bb_size_small bt_bb_shape_square bt_bb_align_inherit bt_bb_title_color_scheme_13\" style=\"; --service-primary-color:#ffffff; --service-secondary-color:#dec168;; --service-title-primary-color:#dec168; --service-title-secondary-color:#091b59;\"><a href=\"mailto:info@roklawconsultancy.com\"  target=\"_self\"  title=\"Email\"  data-ico-icon7stroke=\"&#xe639;\" class=\"bt_bb_icon_holder\"><\/a><div class=\"bt_bb_service_content\"><a href=\"mailto:info@roklawconsultancy.com\" target=\"_self\"><div class=\"bt_bb_service_content_title\">Email<\/div><div class=\"bt_bb_service_content_text\">info@roklawconsultancy.com<\/div><\/a><\/div><\/div><div class=\"bt_bb_separator_v2 bt_bb_border_style_none bt_bb_bottom_spacing_normal bt_bb_icon_size_normal bt_bb_text_size_normal bt_bb_separator_v2_without_content\" data-bt-override-class=\"null\"><div class=\"bt_bb_separator_v2_inner\"><span class=\"bt_bb_separator_v2_inner_before\"><\/span><span class=\"bt_bb_separator_v2_inner_content\"><span  data-ico-=\"\" class=\"bt_bb_icon_holder\"><\/span><\/span><span class=\"bt_bb_separator_v2_inner_after\"><\/span><\/div><\/div><div class=\"bt_bb_service bt_bb_color_scheme_6 bt_bb_style_filled bt_bb_size_small bt_bb_shape_square bt_bb_align_inherit bt_bb_title_color_scheme_13\" style=\"; --service-primary-color:#ffffff; --service-secondary-color:#dec168;; --service-title-primary-color:#dec168; --service-title-secondary-color:#091b59;\"><span  data-ico-icon7stroke=\"&#xe648;\" class=\"bt_bb_icon_holder\"><\/span><div class=\"bt_bb_service_content\"><div class=\"bt_bb_service_content_title\">Address:<\/div><div class=\"bt_bb_service_content_text\">Halaskargazi Mah. Valikona\u011f\u0131 Cad. No:3 Kat:1 \u015ei\u015fli \u0130stanbul<\/div><\/div><\/div><\/div><\/div><\/div><\/div><\/div><\/div><\/div><div  class=\"bt_bb_column col-xl-6 bt_bb_align_right bt_bb_padding_normal bt_bb_animation_fade_in animate\"  data-width=\"6\" data-bt-override-class=\"{&quot;bt_bb_align_&quot;:{&quot;current_class&quot;:&quot;bt_bb_align_right&quot;,&quot;xl&quot;:&quot;right&quot;},&quot;bt_bb_padding_&quot;:{&quot;current_class&quot;:&quot;bt_bb_padding_normal&quot;,&quot;xl&quot;:&quot;normal&quot;}}\"><div class=\"bt_bb_column_content bt_bb_vertical_align_top bt_bb_color_scheme_\"><div class=\"bt_bb_column_content_inner\"><div class=\"bt_bb_google_maps bt_bb_map bt_bb_map_type_interactive\" data-center=\"no\"><div class=\"bt_bb_google_maps_map bt_bb_map_map\" id=\"map_canvas6a04bb15b4b81\" data-height=\"850\" data-api-key=\"AIzaSyBu80Do9qfeiLCoRZI17TYHUNZIYOBP3HA\" data-map-type=\"interactive\" data-zoom=\"15\" data-init-finished=\"false\" data-custom-style=\"WwogICAgewogICAgICAgICJmZWF0dXJlVHlwZSI6ICJhbGwiLAogICAgICAgICJlbGVtZW50VHlwZSI6ICJsYWJlbHMudGV4dC5maWxsIiwKICAgICAgICAic3R5bGVycyI6IFsKICAgICAgICAgICAgewogICAgICAgICAgICAgICAgInNhdHVyYXRpb24iOiAzNgogICAgICAgICAgICB9LAogICAgICAgICAgICB7CiAgICAgICAgICAgICAgICAiY29sb3IiOiAiIzMzMzMzMyIKICAgICAgICAgICAgfSwKICAgICAgICAgICAgewogICAgICAgICAgICAgICAgImxpZ2h0bmVzcyI6IDQwCiAgICAgICAgICAgIH0KICAgICAgICBdCiAgICB9LAogICAgewogICAgICAgICJmZWF0dXJlVHlwZSI6ICJhbGwiLAogICAgICAgICJlbGVtZW50VHlwZSI6ICJsYWJlbHMudGV4dC5zdHJva2UiLAogICAgICAgICJzdHlsZXJzIjogWwogICAgICAgICAgICB7CiAgICAgICAgICAgICAgICAidmlzaWJpbGl0eSI6ICJvbiIKICAgICAgICAgICAgfSwKICAgICAgICAgICAgewogICAgICAgICAgICAgICAgImNvbG9yIjogIiNmZmZmZmYiCiAgICAgICAgICAgIH0sCiAgICAgICAgICAgIHsKICAgICAgICAgICAgICAgICJsaWdodG5lc3MiOiAxNgogICAgICAgICAgICB9CiAgICAgICAgXQogICAgfSwKICAgIHsKICAgICAgICAiZmVhdHVyZVR5cGUiOiAiYWxsIiwKICAgICAgICAiZWxlbWVudFR5cGUiOiAibGFiZWxzLmljb24iLAogICAgICAgICJzdHlsZXJzIjogWwogICAgICAgICAgICB7CiAgICAgICAgICAgICAgICAidmlzaWJpbGl0eSI6ICJvZmYiCiAgICAgICAgICAgIH0KICAgICAgICBdCiAgICB9LAogICAgewogICAgICAgICJmZWF0dXJlVHlwZSI6ICJhZG1pbmlzdHJhdGl2ZSIsCiAgICAgICAgImVsZW1lbnRUeXBlIjogImdlb21ldHJ5LmZpbGwiLAogICAgICAgICJzdHlsZXJzIjogWwogICAgICAgICAgICB7CiAgICAgICAgICAgICAgICAiY29sb3IiOiAiI2ZlZmVmZSIKICAgICAgICAgICAgfSwKICAgICAgICAgICAgewogICAgICAgICAgICAgICAgImxpZ2h0bmVzcyI6IDIwCiAgICAgICAgICAgIH0KICAgICAgICBdCiAgICB9LAogICAgewogICAgICAgICJmZWF0dXJlVHlwZSI6ICJhZG1pbmlzdHJhdGl2ZSIsCiAgICAgICAgImVsZW1lbnRUeXBlIjogImdlb21ldHJ5LnN0cm9rZSIsCiAgICAgICAgInN0eWxlcnMiOiBbCiAgICAgICAgICAgIHsKICAgICAgICAgICAgICAgICJjb2xvciI6ICIjZmVmZWZlIgogICAgICAgICAgICB9LAogICAgICAgICAgICB7CiAgICAgICAgICAgICAgICAibGlnaHRuZXNzIjogMTcKICAgICAgICAgICAgfSwKICAgICAgICAgICAgewogICAgICAgICAgICAgICAgIndlaWdodCI6IDEuMgogICAgICAgICAgICB9CiAgICAgICAgXQogICAgfSwKICAgIHsKICAgICAgICAiZmVhdHVyZVR5cGUiOiAibGFuZHNjYXBlIiwKICAgICAgICAiZWxlbWVudFR5cGUiOiAiZ2VvbWV0cnkiLAogICAgICAgICJzdHlsZXJzIjogWwogICAgICAgICAgICB7CiAgICAgICAgICAgICAgICAiY29sb3IiOiAiI2UyZGJkMSIKICAgICAgICAgICAgfSwKICAgICAgICAgICAgewogICAgICAgICAgICAgICAgImxpZ2h0bmVzcyI6IDIwCiAgICAgICAgICAgIH0KICAgICAgICBdCiAgICB9LAogICAgewogICAgICAgICJmZWF0dXJlVHlwZSI6ICJwb2kiLAogICAgICAgICJlbGVtZW50VHlwZSI6ICJnZW9tZXRyeSIsCiAgICAgICAgInN0eWxlcnMiOiBbCiAgICAgICAgICAgIHsKICAgICAgICAgICAgICAgICJjb2xvciI6ICIjZjVmNWY1IgogICAgICAgICAgICB9LAogICAgICAgICAgICB7CiAgICAgICAgICAgICAgICAibGlnaHRuZXNzIjogMjEKICAgICAgICAgICAgfQogICAgICAgIF0KICAgIH0sCiAgICB7CiAgICAgICAgImZlYXR1cmVUeXBlIjogInBvaS5wYXJrIiwKICAgICAgICAiZWxlbWVudFR5cGUiOiAiZ2VvbWV0cnkiLAogICAgICAgICJzdHlsZXJzIjogWwogICAgICAgICAgICB7CiAgICAgICAgICAgICAgICAiY29sb3IiOiAiI2RlZGVkZSIKICAgICAgICAgICAgfSwKICAgICAgICAgICAgewogICAgICAgICAgICAgICAgImxpZ2h0bmVzcyI6IDIxCiAgICAgICAgICAgIH0KICAgICAgICBdCiAgICB9LAogICAgewogICAgICAgICJmZWF0dXJlVHlwZSI6ICJyb2FkLmhpZ2h3YXkiLAogICAgICAgICJlbGVtZW50VHlwZSI6ICJnZW9tZXRyeS5maWxsIiwKICAgICAgICAic3R5bGVycyI6IFsKICAgICAgICAgICAgewogICAgICAgICAgICAgICAgImNvbG9yIjogIiNlM2RhY2MiCiAgICAgICAgICAgIH0sCiAgICAgICAgICAgIHsKICAgICAgICAgICAgICAgICJsaWdodG5lc3MiOiAxNwogICAgICAgICAgICB9CiAgICAgICAgXQogICAgfSwKICAgIHsKICAgICAgICAiZmVhdHVyZVR5cGUiOiAicm9hZC5oaWdod2F5IiwKICAgICAgICAiZWxlbWVudFR5cGUiOiAiZ2VvbWV0cnkuc3Ryb2tlIiwKICAgICAgICAic3R5bGVycyI6IFsKICAgICAgICAgICAgewogICAgICAgICAgICAgICAgImNvbG9yIjogIiNhZDk1OTUiCiAgICAgICAgICAgIH0sCiAgICAgICAgICAgIHsKICAgICAgICAgICAgICAgICJsaWdodG5lc3MiOiAyOQogICAgICAgICAgICB9LAogICAgICAgICAgICB7CiAgICAgICAgICAgICAgICAid2VpZ2h0IjogMC4yCiAgICAgICAgICAgIH0sCiAgICAgICAgICAgIHsKICAgICAgICAgICAgICAgICJ2aXNpYmlsaXR5IjogIm9mZiIKICAgICAgICAgICAgfQogICAgICAgIF0KICAgIH0sCiAgICB7CiAgICAgICAgImZlYXR1cmVUeXBlIjogInJvYWQuYXJ0ZXJpYWwiLAogICAgICAgICJlbGVtZW50VHlwZSI6ICJnZW9tZXRyeSIsCiAgICAgICAgInN0eWxlcnMiOiBbCiAgICAgICAgICAgIHsKICAgICAgICAgICAgICAgICJjb2xvciI6ICIjZmZmZmZmIgogICAgICAgICAgICB9LAogICAgICAgICAgICB7CiAgICAgICAgICAgICAgICAibGlnaHRuZXNzIjogMTgKICAgICAgICAgICAgfQogICAgICAgIF0KICAgIH0sCiAgICB7CiAgICAgICAgImZlYXR1cmVUeXBlIjogInJvYWQubG9jYWwiLAogICAgICAgICJlbGVtZW50VHlwZSI6ICJnZW9tZXRyeSIsCiAgICAgICAgInN0eWxlcnMiOiBbCiAgICAgICAgICAgIHsKICAgICAgICAgICAgICAgICJjb2xvciI6ICIjZThkZmQ3IgogICAgICAgICAgICB9LAogICAgICAgICAgICB7CiAgICAgICAgICAgICAgICAibGlnaHRuZXNzIjogMTYKICAgICAgICAgICAgfQogICAgICAgIF0KICAgIH0sCiAgICB7CiAgICAgICAgImZlYXR1cmVUeXBlIjogInRyYW5zaXQiLAogICAgICAgICJlbGVtZW50VHlwZSI6ICJnZW9tZXRyeSIsCiAgICAgICAgInN0eWxlcnMiOiBbCiAgICAgICAgICAgIHsKICAgICAgICAgICAgICAgICJjb2xvciI6ICIjZjJmMmYyIgogICAgICAgICAgICB9LAogICAgICAgICAgICB7CiAgICAgICAgICAgICAgICAibGlnaHRuZXNzIjogMTkKICAgICAgICAgICAgfQogICAgICAgIF0KICAgIH0sCiAgICB7CiAgICAgICAgImZlYXR1cmVUeXBlIjogIndhdGVyIiwKICAgICAgICAiZWxlbWVudFR5cGUiOiAiZ2VvbWV0cnkiLAogICAgICAgICJzdHlsZXJzIjogWwogICAgICAgICAgICB7CiAgICAgICAgICAgICAgICAiY29sb3IiOiAiI2RjYTU1NiIKICAgICAgICAgICAgfSwKICAgICAgICAgICAgewogICAgICAgICAgICAgICAgImxpZ2h0bmVzcyI6IDE3CiAgICAgICAgICAgIH0KICAgICAgICBdCiAgICB9Cl0=\" style=\"height:850px\"><\/div><div class=\"bt_bb_google_maps_location bt_bb_map_location bt_bb_google_maps_location_without_content bt_bb_map_location_without_content\" data-lat=\"41.04877245136546\" data-lng=\"28.987253713493278\" data-icon=\"https:\/\/www.roklawconsultancy.com\/en\/wp-content\/uploads\/2023\/01\/rok-map-pin.png\"><\/div><\/div><\/div><\/div><\/div><\/div><\/div><\/div><!-- cell_inner --><\/div><!-- cell --><\/div><!-- port --><\/section><section id=\"bt_bb_section6a04bb15b5305\" class=\"bt_bb_section bt_bb_layout_boxed_800 bt_bb_vertical_align_top bt_bb_top_spacing_ bt_bb_bottom_spacing_\" style=\";background-color:rgb(10,27,90);\" data-bt-override-class=\"{&quot;bt_bb_top_spacing_&quot;:{&quot;current_class&quot;:&quot;bt_bb_top_spacing_&quot;,&quot;xl&quot;:&quot;&quot;},&quot;bt_bb_bottom_spacing_&quot;:{&quot;current_class&quot;:&quot;bt_bb_bottom_spacing_&quot;,&quot;xl&quot;:&quot;&quot;}}\"><div class=\"bt_bb_port\"><div class=\"bt_bb_cell\"><div class=\"bt_bb_cell_inner\"><div class=\"bt_bb_row_wrapper\"><div  class=\"bt_bb_row bt_bb_layout_special btOverlapRight\"  data-bt-override-class=\"{}\"><div  class=\"bt_bb_column col-xl-12 col-xs-12 col-sm-12 col-md-12 col-lg-12 bt_bb_align_left bt_bb_icon_color_scheme_6 bt_bb_padding_normal bt_bb_animation_fade_in animate\" style=\"; --column-icon-primary-color:#ffffff; --column-icon-secondary-color:#dec168;\" data-width=\"12\" data-bt-override-class=\"{&quot;bt_bb_align_&quot;:{&quot;current_class&quot;:&quot;bt_bb_align_left&quot;,&quot;xl&quot;:&quot;left&quot;},&quot;bt_bb_padding_&quot;:{&quot;current_class&quot;:&quot;bt_bb_padding_normal&quot;,&quot;xl&quot;:&quot;normal&quot;}}\"><div class=\"bt_bb_column_content bt_bb_vertical_align_top bt_bb_color_scheme_\"><div class=\"bt_bb_column_content_inner\"><div class=\"bt_bb_separator_v2 bt_bb_border_style_none bt_bb_bottom_spacing_normal bt_bb_icon_size_normal bt_bb_text_size_normal bt_bb_separator_v2_without_content\" data-bt-override-class=\"null\"><div class=\"bt_bb_separator_v2_inner\"><span class=\"bt_bb_separator_v2_inner_before\"><\/span><span class=\"bt_bb_separator_v2_inner_content\"><span  data-ico-=\"\" class=\"bt_bb_icon_holder\"><\/span><\/span><span class=\"bt_bb_separator_v2_inner_after\"><\/span><\/div><\/div><header class=\"bt_bb_headline bt_bb_color_scheme_13 bt_bb_dash_none bt_bb_size_medium bt_bb_align_center\" style=\"; --primary-color:#dec168; --secondary-color:#091b59;\" data-bt-override-class=\"{&quot;bt_bb_align_&quot;:{&quot;current_class&quot;:&quot;bt_bb_align_center&quot;,&quot;xl&quot;:&quot;center&quot;}}\"><h3 class=\"bt_bb_headline_tag\"><span class=\"bt_bb_headline_content\"><span>Contact us for your Consultancy Needs<\/span><\/span><\/h3><\/header><div class=\"bt_bb_separator_v2 bt_bb_border_style_none bt_bb_bottom_spacing_normal bt_bb_icon_size_normal bt_bb_text_size_normal bt_bb_separator_v2_without_content\" data-bt-override-class=\"null\"><div class=\"bt_bb_separator_v2_inner\"><span class=\"bt_bb_separator_v2_inner_before\"><\/span><span class=\"bt_bb_separator_v2_inner_content\"><span  data-ico-=\"\" class=\"bt_bb_icon_holder\"><\/span><\/span><span class=\"bt_bb_separator_v2_inner_after\"><\/span><\/div><\/div><div class=\"bt_bb_contact_form_7\">\n<div class=\"wpcf7 no-js\" id=\"wpcf7-f3707-o1\" lang=\"en-US\" dir=\"ltr\">\n<div class=\"screen-reader-response\"><p role=\"status\" aria-live=\"polite\" aria-atomic=\"true\"><\/p> <ul><\/ul><\/div>\n<form action=\"\/en\/wp-json\/wp\/v2\/pages\/13#wpcf7-f3707-o1\" method=\"post\" class=\"wpcf7-form init\" aria-label=\"Contact form\" novalidate=\"novalidate\" data-status=\"init\">\n<div style=\"display: none;\">\n<input type=\"hidden\" name=\"_wpcf7\" value=\"3707\" \/>\n<input type=\"hidden\" name=\"_wpcf7_version\" value=\"5.7.3\" \/>\n<input type=\"hidden\" name=\"_wpcf7_locale\" value=\"en_US\" \/>\n<input type=\"hidden\" name=\"_wpcf7_unit_tag\" value=\"wpcf7-f3707-o1\" \/>\n<input type=\"hidden\" name=\"_wpcf7_container_post\" value=\"0\" \/>\n<input type=\"hidden\" name=\"_wpcf7_posted_data_hash\" value=\"\" \/>\n<\/div>\n<div class=\"btForm\">\n\t<div class=\"btFormRow btFlex\">\n\t\t<div class=\"btFormColumn\">\n\t\t\t<p><span class=\"wpcf7-form-control-wrap\" data-name=\"your-name\"><input size=\"40\" class=\"wpcf7-form-control wpcf7-text wpcf7-validates-as-required\" aria-required=\"true\" aria-invalid=\"false\" placeholder=\"Name*\" value=\"\" type=\"text\" name=\"your-name\" \/><\/span>\n\t\t\t<\/p>\n\t\t<\/div>\n\t\t<div class=\"btFormColumn\">\n\t\t\t<p><span class=\"wpcf7-form-control-wrap\" data-name=\"your-email\"><input size=\"40\" class=\"wpcf7-form-control wpcf7-text wpcf7-email wpcf7-validates-as-required wpcf7-validates-as-email\" aria-required=\"true\" aria-invalid=\"false\" placeholder=\"Email*\" value=\"\" type=\"email\" name=\"your-email\" \/><\/span>\n\t\t\t<\/p>\n\t\t<\/div>\n\t<\/div>\n\t<div class=\"btFormRow\">\n\t\t<div class=\"btFormColumn\">\n\t\t\t<p><span class=\"wpcf7-form-control-wrap\" data-name=\"your-tel\"><input size=\"40\" class=\"wpcf7-form-control wpcf7-text wpcf7-tel wpcf7-validates-as-tel\" aria-invalid=\"false\" placeholder=\"Phone\" value=\"\" type=\"tel\" name=\"your-tel\" \/><\/span>\n\t\t\t<\/p>\n\t\t<\/div>\n\t<\/div>\n\t<div class=\"btFormRow\">\n\t\t<div class=\"btFormColumn\">\n\t\t\t<p><span class=\"wpcf7-form-control-wrap\" data-name=\"your-message\"><textarea cols=\"40\" rows=\"10\" class=\"wpcf7-form-control wpcf7-textarea wpcf7-validates-as-required\" aria-required=\"true\" aria-invalid=\"false\" placeholder=\"Message*\" name=\"your-message\"><\/textarea><\/span>\n\t\t\t<\/p>\n\t\t<\/div>\n\t<\/div>\n\t<div class=\"btFormButton\">\n\t\t<p><input class=\"wpcf7-form-control has-spinner wpcf7-submit\" type=\"submit\" value=\"SEND\" \/>\n\t\t<\/p>\n\t<\/div>\n<\/div><div class=\"wpcf7-response-output\" aria-hidden=\"true\"><\/div>\n<\/form>\n<\/div>\n<\/div><\/div><\/div><\/div><\/div><\/div><\/div><!-- cell_inner --><\/div><!-- cell --><\/div><!-- port --><\/section>","protected":false},"excerpt":{"rendered":"","protected":false},"author":1,"featured_media":0,"parent":0,"menu_order":0,"comment_status":"closed","ping_status":"closed","template":"","meta":{"inline_featured_image":false},"_links":{"self":[{"href":"https:\/\/www.roklawconsultancy.com\/en\/wp-json\/wp\/v2\/pages\/13"}],"collection":[{"href":"https:\/\/www.roklawconsultancy.com\/en\/wp-json\/wp\/v2\/pages"}],"about":[{"href":"https:\/\/www.roklawconsultancy.com\/en\/wp-json\/wp\/v2\/types\/page"}],"author":[{"embeddable":true,"href":"https:\/\/www.roklawconsultancy.com\/en\/wp-json\/wp\/v2\/users\/1"}],"replies":[{"embeddable":true,"href":"https:\/\/www.roklawconsultancy.com\/en\/wp-json\/wp\/v2\/comments?post=13"}],"version-history":[{"count":39,"href":"https:\/\/www.roklawconsultancy.com\/en\/wp-json\/wp\/v2\/pages\/13\/revisions"}],"predecessor-version":[{"id":4141,"href":"https:\/\/www.roklawconsultancy.com\/en\/wp-json\/wp\/v2\/pages\/13\/revisions\/4141"}],"wp:attachment":[{"href":"https:\/\/www.roklawconsultancy.com\/en\/wp-json\/wp\/v2\/media?parent=13"}],"curies":[{"name":"wp","href":"https:\/\/api.w.org\/{rel}","templated":true}]}}